{"id":162,"date":"2025-05-28T17:29:03","date_gmt":"2025-05-28T15:29:03","guid":{"rendered":"https:\/\/www.paulagayanutricio.com\/accesibilidad\/"},"modified":"2025-07-01T16:17:40","modified_gmt":"2025-07-01T14:17:40","slug":"accesibilidad","status":"publish","type":"page","link":"https:\/\/www.paulagayanutricio.com\/es\/accesibilidad\/","title":{"rendered":"Accesibilidad"},"content":{"rendered":"<div class=\"wpb-content-wrapper\">[vc_section][vc_row][vc_column][vc_column_text css=\u00bb.vc_custom_1748446164276{padding-bottom: 25px !important;}\u00bb]\n<h2>Accesibilidad<\/h2>\n[\/vc_column_text][vc_column_text css=\u00bb\u00bb]La presente declaraci\u00f3n de accesibilidad se aplica al sitio web <a href=\"https:\/\/www.paulagayanutricio.com\/es\/\"><strong>www.paulagayanutricio.com<\/strong><\/a>:<\/p>\n<p><strong>SITUACI\u00d3N DE CUMPLIMIENTO<\/strong><\/p>\n<p>Este sitio web es parcialmente conforme al <strong>RD 1112\/2018<\/strong> debido a las excepciones ya la falta de conformidad de los aspectos que se indican en el siguiente punto.<\/p>\n<p><strong>CONTENIDO NO ACCESSIBLE<\/strong><\/p>\n<p>El contenido que se recoge a continuaci\u00f3n no es accesible por lo siguiente:<\/p>\n<p>&#8211; Falta de conformidad con el RD 1112\/2018<\/p>\n<p>Podr\u00edan existir algunos aspectos de contraste que no cumplan los m\u00ednimos exigidos, 3:1, con respecto a los colores adyacentes del fondo de la secci\u00f3n de la web en cuesti\u00f3n. [9.1.4.11 Contraste no textual]\n<p>Podr\u00edan existir algunas etiquetas o instrucciones no etiquetadas correctamente [9.3.3.2 Etiquetas o instrucciones]\n<p>Podr\u00edan existir mensajes de estado que no cumplan con los m\u00ednimos exigidos [9.4.1.3 Mensajes de estado]\n<p>Podr\u00edan existir sugerencias ante errores que no cumplan con los m\u00ednimos exigidos [9.3.3.3 Sugerencias ante errores (condicional)]\n<p>Podr\u00edan existir fallos en la navegaci\u00f3n secuencial por la p\u00e1gina web afectando a su significado u operaci\u00f3n [9.2.4.3 Orden del foco]\n<p>No es posible evitar que las personas que interact\u00faan mediante entradas de voz activen los elementos de interacci\u00f3n de forma accidental [requisito 9.2.1.4 &#8211; Atajos con teclas de caracteres]\n<p>&#8211; Podr\u00edan existir fallos puntuales de edici\u00f3n en alguna p\u00e1gina web<\/p>\n<p>Carga desproporcionada<\/p>\n<p>No aplica.<\/p>\n<p><strong>PREPARACI\u00d3N DE LA SIGUIENTE DECLARACI\u00d3N DE ACCESIBILIDAD<\/strong><\/p>\n<p>La presente declaraci\u00f3n fue preparada el 9 de mayo de 2023.<\/p>\n<p>El m\u00e9todo empleado para preparar la declaraci\u00f3n ha sido una autoevaluaci\u00f3n llevada a cabo por la propia empresa.<\/p>\n<p><strong>OBSERVACIONES Y DATOS DE CONTACTO<\/strong><\/p>\n<p>Puede realizar comunicaciones sobre requisitos de accesibilidad (art\u00edculo 10.2.a del RD 1112\/2018) como, por ejemplo:<\/p>\n<p>&#8211; Informar sobre cualquier posible incumplimiento por parte de este sitio web<br \/>\n &#8211; Transmitir otras dificultades de acceso al contenido<br \/>\n &#8211; Formular cualquier otra consulta o sugerencia de mejora relativa a la accesibilidad del sitio web<\/p>\n<p>A trav\u00e9s del email de contacto <a href=\"mailto:info@paulagayanutricio.com\">info@paulagayanutricio.com<\/a> .<\/p>\n<p>Puede presentar:<\/p>\n<p><strong>&#8211; Queja<\/strong> relativa al cumplimiento de los requisitos del RD 1112\/2018 o<br \/>\n<strong>&#8211; Solicitud de informaci\u00f3n accesible<\/strong> relativa a:<\/p>\n<p>Contenidos que est\u00e1n excluidos del \u00e1mbito de aplicaci\u00f3n del RD 1112\/2018 seg\u00fan lo establecido por el art\u00edculo 3, apartado 4<\/p>\n<p>Contenidos que est\u00e1n exentos del cumplimiento de los requisitos de accesibilidad por imponer una carga desproporcionada.<\/p>\n<p>En la Solicitud de informaci\u00f3n accesible, se deben concretar, con toda claridad, los hechos, razones y petici\u00f3n que permitan constatar que se trata de una solicitud razonable y leg\u00edtima.<\/p>\n<p>Las quejas y reclamaciones sobre informaci\u00f3n accesible se realizar\u00e1n a trav\u00e9s del email anterior.<\/p>\n<p><strong>PROCEDIMIENTO DE APLICACI\u00d3N<\/strong><\/p>\n<p>Si una vez realizada una solicitud de informaci\u00f3n accesible o queja, \u00e9sta hubiera sido desestimada, no se estuviera de acuerdo con la decisi\u00f3n adoptada, o la respuesta no cumpliera los requisitos contemplados en el art\u00edculo 12.5, la persona interesada podr\u00e1 iniciar una reclamaci\u00f3n. Igualmente se podr\u00e1 iniciar una reclamaci\u00f3n en el supuesto de que haya transcurrido el plazo de veinte d\u00edas h\u00e1biles sin haber obtenido respuesta.[\/vc_column_text][\/vc_column][\/vc_row][\/vc_section]\n<\/div>","protected":false},"excerpt":{"rendered":"<p>[vc_section][vc_row][vc_column][vc_column_text css=\u00bb.vc_custom_1748446164276{padding-bottom: 25px !important;}\u00bb] Accesibilidad [\/vc_column_text][vc_column_text css=\u00bb\u00bb]La presente declaraci\u00f3n de accesibilidad se aplica al sitio web www.paulagayanutricio.com: SITUACI\u00d3N DE CUMPLIMIENTO Este sitio web es parcialmente conforme al RD 1112\/2018 debido a las excepciones ya la falta de conformidad de los aspectos que se indican en el siguiente punto. CONTENIDO NO ACCESSIBLE El contenido que se&hellip;<\/p>\n","protected":false},"author":1,"featured_media":0,"parent":0,"menu_order":0,"comment_status":"closed","ping_status":"closed","template":"","meta":{"inline_featured_image":false,"footnotes":""},"class_list":["post-162","page","type-page","status-publish","hentry","entry","no-media"],"yoast_head":"<!-- This site is optimized with the Yoast SEO plugin v27.3 - https:\/\/yoast.com\/product\/yoast-seo-wordpress\/ -->\n<title>Accesibilidad - PAULA GAY\u00c0 | DIETISTA I NUTRICIONISTA<\/title>\n<meta name=\"robots\" content=\"index, follow, max-snippet:-1, max-image-preview:large, max-video-preview:-1\" \/>\n<link rel=\"canonical\" href=\"https:\/\/www.paulagayanutricio.com\/es\/accesibilidad\/\" \/>\n<meta property=\"og:locale\" content=\"es_ES\" \/>\n<meta property=\"og:type\" content=\"article\" \/>\n<meta property=\"og:title\" content=\"Accesibilidad - PAULA GAY\u00c0 | DIETISTA I NUTRICIONISTA\" \/>\n<meta property=\"og:description\" content=\"[vc_section][vc_row][vc_column][vc_column_text css=\u00bb.vc_custom_1748446164276{padding-bottom: 25px !important;}\u00bb] Accesibilidad [\/vc_column_text][vc_column_text css=\u00bb\u00bb]La presente declaraci\u00f3n de accesibilidad se aplica al sitio web www.paulagayanutricio.com: SITUACI\u00d3N DE CUMPLIMIENTO Este sitio web es parcialmente conforme al RD 1112\/2018 debido a las excepciones ya la falta de conformidad de los aspectos que se indican en el siguiente punto. CONTENIDO NO ACCESSIBLE El contenido que se&hellip;\" \/>\n<meta property=\"og:url\" content=\"https:\/\/www.paulagayanutricio.com\/es\/accesibilidad\/\" \/>\n<meta property=\"og:site_name\" content=\"PAULA GAY\u00c0 | DIETISTA I NUTRICIONISTA\" \/>\n<meta property=\"article:modified_time\" content=\"2025-07-01T14:17:40+00:00\" \/>\n<meta name=\"twitter:card\" content=\"summary_large_image\" \/>\n<meta name=\"twitter:label1\" content=\"Tiempo de lectura\" \/>\n\t<meta name=\"twitter:data1\" content=\"3 minutos\" \/>\n<script type=\"application\/ld+json\" class=\"yoast-schema-graph\">{\"@context\":\"https:\\\/\\\/schema.org\",\"@graph\":[{\"@type\":\"WebPage\",\"@id\":\"https:\\\/\\\/www.paulagayanutricio.com\\\/es\\\/accesibilidad\\\/\",\"url\":\"https:\\\/\\\/www.paulagayanutricio.com\\\/es\\\/accesibilidad\\\/\",\"name\":\"Accesibilidad - PAULA GAY\u00c0 | DIETISTA I NUTRICIONISTA\",\"isPartOf\":{\"@id\":\"https:\\\/\\\/www.paulagayanutricio.com\\\/es\\\/#website\"},\"datePublished\":\"2025-05-28T15:29:03+00:00\",\"dateModified\":\"2025-07-01T14:17:40+00:00\",\"breadcrumb\":{\"@id\":\"https:\\\/\\\/www.paulagayanutricio.com\\\/es\\\/accesibilidad\\\/#breadcrumb\"},\"inLanguage\":\"es\",\"potentialAction\":[{\"@type\":\"ReadAction\",\"target\":[\"https:\\\/\\\/www.paulagayanutricio.com\\\/es\\\/accesibilidad\\\/\"]}]},{\"@type\":\"BreadcrumbList\",\"@id\":\"https:\\\/\\\/www.paulagayanutricio.com\\\/es\\\/accesibilidad\\\/#breadcrumb\",\"itemListElement\":[{\"@type\":\"ListItem\",\"position\":1,\"name\":\"Inici\",\"item\":\"https:\\\/\\\/www.paulagayanutricio.com\\\/es\\\/inicio\\\/\"},{\"@type\":\"ListItem\",\"position\":2,\"name\":\"Accesibilidad\"}]},{\"@type\":\"WebSite\",\"@id\":\"https:\\\/\\\/www.paulagayanutricio.com\\\/es\\\/#website\",\"url\":\"https:\\\/\\\/www.paulagayanutricio.com\\\/es\\\/\",\"name\":\"PAULA GAY\u00c0 | DIETISTA I NUTRICIONISTA\",\"description\":\"\",\"publisher\":{\"@id\":\"https:\\\/\\\/www.paulagayanutricio.com\\\/es\\\/#organization\"},\"potentialAction\":[{\"@type\":\"SearchAction\",\"target\":{\"@type\":\"EntryPoint\",\"urlTemplate\":\"https:\\\/\\\/www.paulagayanutricio.com\\\/es\\\/?s={search_term_string}\"},\"query-input\":{\"@type\":\"PropertyValueSpecification\",\"valueRequired\":true,\"valueName\":\"search_term_string\"}}],\"inLanguage\":\"es\"},{\"@type\":\"Organization\",\"@id\":\"https:\\\/\\\/www.paulagayanutricio.com\\\/es\\\/#organization\",\"name\":\"PAULA GAY\u00c0 | DIETISTA I NUTRICIONISTA\",\"url\":\"https:\\\/\\\/www.paulagayanutricio.com\\\/es\\\/\",\"logo\":{\"@type\":\"ImageObject\",\"inLanguage\":\"es\",\"@id\":\"https:\\\/\\\/www.paulagayanutricio.com\\\/es\\\/#\\\/schema\\\/logo\\\/image\\\/\",\"url\":\"https:\\\/\\\/www.paulagayanutricio.com\\\/wp-content\\\/uploads\\\/2025\\\/05\\\/1-logo-paula-gaya-dietetica-nutricio-mallorca-.svg\",\"contentUrl\":\"https:\\\/\\\/www.paulagayanutricio.com\\\/wp-content\\\/uploads\\\/2025\\\/05\\\/1-logo-paula-gaya-dietetica-nutricio-mallorca-.svg\",\"caption\":\"PAULA GAY\u00c0 | DIETISTA I NUTRICIONISTA\"},\"image\":{\"@id\":\"https:\\\/\\\/www.paulagayanutricio.com\\\/es\\\/#\\\/schema\\\/logo\\\/image\\\/\"}}]}<\/script>\n<!-- \/ Yoast SEO plugin. -->","yoast_head_json":{"title":"Accesibilidad - PAULA GAY\u00c0 | DIETISTA I NUTRICIONISTA","robots":{"index":"index","follow":"follow","max-snippet":"max-snippet:-1","max-image-preview":"max-image-preview:large","max-video-preview":"max-video-preview:-1"},"canonical":"https:\/\/www.paulagayanutricio.com\/es\/accesibilidad\/","og_locale":"es_ES","og_type":"article","og_title":"Accesibilidad - PAULA GAY\u00c0 | DIETISTA I NUTRICIONISTA","og_description":"[vc_section][vc_row][vc_column][vc_column_text css=\u00bb.vc_custom_1748446164276{padding-bottom: 25px !important;}\u00bb] Accesibilidad [\/vc_column_text][vc_column_text css=\u00bb\u00bb]La presente declaraci\u00f3n de accesibilidad se aplica al sitio web www.paulagayanutricio.com: SITUACI\u00d3N DE CUMPLIMIENTO Este sitio web es parcialmente conforme al RD 1112\/2018 debido a las excepciones ya la falta de conformidad de los aspectos que se indican en el siguiente punto. CONTENIDO NO ACCESSIBLE El contenido que se&hellip;","og_url":"https:\/\/www.paulagayanutricio.com\/es\/accesibilidad\/","og_site_name":"PAULA GAY\u00c0 | DIETISTA I NUTRICIONISTA","article_modified_time":"2025-07-01T14:17:40+00:00","twitter_card":"summary_large_image","twitter_misc":{"Tiempo de lectura":"3 minutos"},"schema":{"@context":"https:\/\/schema.org","@graph":[{"@type":"WebPage","@id":"https:\/\/www.paulagayanutricio.com\/es\/accesibilidad\/","url":"https:\/\/www.paulagayanutricio.com\/es\/accesibilidad\/","name":"Accesibilidad - PAULA GAY\u00c0 | DIETISTA I NUTRICIONISTA","isPartOf":{"@id":"https:\/\/www.paulagayanutricio.com\/es\/#website"},"datePublished":"2025-05-28T15:29:03+00:00","dateModified":"2025-07-01T14:17:40+00:00","breadcrumb":{"@id":"https:\/\/www.paulagayanutricio.com\/es\/accesibilidad\/#breadcrumb"},"inLanguage":"es","potentialAction":[{"@type":"ReadAction","target":["https:\/\/www.paulagayanutricio.com\/es\/accesibilidad\/"]}]},{"@type":"BreadcrumbList","@id":"https:\/\/www.paulagayanutricio.com\/es\/accesibilidad\/#breadcrumb","itemListElement":[{"@type":"ListItem","position":1,"name":"Inici","item":"https:\/\/www.paulagayanutricio.com\/es\/inicio\/"},{"@type":"ListItem","position":2,"name":"Accesibilidad"}]},{"@type":"WebSite","@id":"https:\/\/www.paulagayanutricio.com\/es\/#website","url":"https:\/\/www.paulagayanutricio.com\/es\/","name":"PAULA GAY\u00c0 | DIETISTA I NUTRICIONISTA","description":"","publisher":{"@id":"https:\/\/www.paulagayanutricio.com\/es\/#organization"},"potentialAction":[{"@type":"SearchAction","target":{"@type":"EntryPoint","urlTemplate":"https:\/\/www.paulagayanutricio.com\/es\/?s={search_term_string}"},"query-input":{"@type":"PropertyValueSpecification","valueRequired":true,"valueName":"search_term_string"}}],"inLanguage":"es"},{"@type":"Organization","@id":"https:\/\/www.paulagayanutricio.com\/es\/#organization","name":"PAULA GAY\u00c0 | DIETISTA I NUTRICIONISTA","url":"https:\/\/www.paulagayanutricio.com\/es\/","logo":{"@type":"ImageObject","inLanguage":"es","@id":"https:\/\/www.paulagayanutricio.com\/es\/#\/schema\/logo\/image\/","url":"https:\/\/www.paulagayanutricio.com\/wp-content\/uploads\/2025\/05\/1-logo-paula-gaya-dietetica-nutricio-mallorca-.svg","contentUrl":"https:\/\/www.paulagayanutricio.com\/wp-content\/uploads\/2025\/05\/1-logo-paula-gaya-dietetica-nutricio-mallorca-.svg","caption":"PAULA GAY\u00c0 | DIETISTA I NUTRICIONISTA"},"image":{"@id":"https:\/\/www.paulagayanutricio.com\/es\/#\/schema\/logo\/image\/"}}]}},"_links":{"self":[{"href":"https:\/\/www.paulagayanutricio.com\/es\/wp-json\/wp\/v2\/pages\/162","targetHints":{"allow":["GET"]}}],"collection":[{"href":"https:\/\/www.paulagayanutricio.com\/es\/wp-json\/wp\/v2\/pages"}],"about":[{"href":"https:\/\/www.paulagayanutricio.com\/es\/wp-json\/wp\/v2\/types\/page"}],"author":[{"embeddable":true,"href":"https:\/\/www.paulagayanutricio.com\/es\/wp-json\/wp\/v2\/users\/1"}],"replies":[{"embeddable":true,"href":"https:\/\/www.paulagayanutricio.com\/es\/wp-json\/wp\/v2\/comments?post=162"}],"version-history":[{"count":8,"href":"https:\/\/www.paulagayanutricio.com\/es\/wp-json\/wp\/v2\/pages\/162\/revisions"}],"predecessor-version":[{"id":626,"href":"https:\/\/www.paulagayanutricio.com\/es\/wp-json\/wp\/v2\/pages\/162\/revisions\/626"}],"wp:attachment":[{"href":"https:\/\/www.paulagayanutricio.com\/es\/wp-json\/wp\/v2\/media?parent=162"}],"curies":[{"name":"wp","href":"https:\/\/api.w.org\/{rel}","templated":true}]}}